{"id":1672,"date":"2020-06-15T12:08:54","date_gmt":"2020-06-15T10:08:54","guid":{"rendered":"https:\/\/pokiopokerclubs.com\/?page_id=1672"},"modified":"2020-06-15T14:52:59","modified_gmt":"2020-06-15T12:52:59","slug":"play-pokio-on-desktop","status":"publish","type":"page","link":"https:\/\/pokiopokerclubs.com\/pt\/play-pokio-on-desktop\/","title":{"rendered":"Pokio PC: Como tocar Pokio no Desktop"},"content":{"rendered":"<div class=\"wp-block-group\"><div class=\"wp-block-group__inner-container is-layout-flow wp-block-group-is-layout-flow\">\n<div class=\"wp-block-columns is-layout-flex wp-container-core-columns-is-layout-9d6595d7 wp-block-columns-is-layout-flex\">\n<div class=\"wp-block-column is-layout-flow wp-block-column-is-layout-flow\">\n<center><a href=\"https:\/\/pokiopokerclubs.com\/pt\/recommends\/northern-poker-club\/\" target=\"_blank\" rel=\"noreferrer noopener\" class=\"icon\">BAIXAR POKIO<\/a><\/center>\n<\/div>\n\n\n\n<div class=\"wp-block-column is-layout-flow wp-block-column-is-layout-flow\">\n<center><a href=\"#clubs\" class=\"icon\">TODOS OS CLUBES<\/a><\/center>\n<\/div>\n<\/div>\n<\/div><\/div>\n\n\n\n<h2 class=\"wp-block-heading\">Pokio em Desktop Explained<\/h2>\n\n\n\n<p>\u00c9 o <strong>realmente f\u00e1cil<\/strong> para jogar Pokio na \u00e1rea de trabalho. Muitos de nossos visitantes nos perguntam: \"<em>Posso jogar Pokio no PC?<\/em>\u201c. E a resposta curta \u00e9: <strong>sim, voc\u00ea pode<\/strong>! <\/p>\n\n\n\n<p>Este artigo lhe mostrar\u00e1 como voc\u00ea pode <strong>jogar Pokio via laptop ou computador estacion\u00e1rio<\/strong>. Vamos a isso!<\/p>\n\n\n\n<hr class=\"wp-block-separator is-style-dots\"\/>\n\n\n\n<h2 class=\"wp-block-heading\">Emulador Pokio<\/h2>\n\n\n\n<p>Uma maneira de jogar Pokio no desktop \u00e9 <strong>fa\u00e7a o download de um emulador<\/strong> como <a rel=\"noreferrer noopener\" href=\"https:\/\/www.memuplay.com\/\" target=\"_blank\">Memu<\/a> ou <a rel=\"noreferrer noopener\" href=\"https:\/\/www.bluestacks.com\/\" target=\"_blank\">Bluestack<\/a>. Instal\u00e1-lo, <strong>desativar o \"Root mode\".<\/strong> e fa\u00e7a o download do <a href=\"https:\/\/pokiopokerclubs.com\/pt\/pokio-app\/\">Aplicativo Pokio<\/a> via Play Store.<\/p>\n\n\n\n<h3 class=\"wp-block-heading\">F\u00e1cil de usar<\/h3>\n\n\n\n<p>Um emulador ir\u00e1 <strong>espelha como um telefone m\u00f3vel se parece e funciona<\/strong>. \u00c9 realmente f\u00e1cil de usar e voc\u00ea <strong>n\u00e3o precisa ser um assistente de inform\u00e1tica<\/strong> para compreend\u00ea-la.<\/p>\n\n\n\n<h3 class=\"wp-block-heading\">Escolha as configura\u00e7\u00f5es de sua prefer\u00eancia<\/h3>\n\n\n\n<p>Agora voc\u00ea pode <strong>brincar com os ajustes no emulador<\/strong>. Voc\u00ea pode escolher o quanto <a rel=\"noreferrer noopener\" href=\"https:\/\/en.wikipedia.org\/wiki\/Central_processing_unit\" target=\"_blank\">CPU<\/a> o emulador deve usar, a ilumina\u00e7\u00e3o, o som, o cursor do mouse, etc. <\/p>\n\n\n\n<h3 class=\"wp-block-heading\">Pronto para jogar<\/h3>\n\n\n\n<p>Ap\u00f3s o ajuste fino do emulador, voc\u00ea est\u00e1 agora <strong>pronto para jogar Pokio em seu computador<\/strong>. Fa\u00e7a o login com suas credenciais, como voc\u00ea faria em seu telefone, e voc\u00ea est\u00e1 pronto. Agora voc\u00ea pode <strong>adicione Pokio ao seu arsenal de p\u00f4quer<\/strong> entre outros sites. (N\u00e3o se esque\u00e7a de se juntar a um de nossos <a href=\"https:\/\/pokiopokerclubs.com\/pt\/pokio-club\/\">Pokio Clubes<\/a>!)<\/p>\n\n\n\n<p style=\"text-align:center\" class=\"wp-block-coblocks-highlight\"><mark class=\"wp-block-coblocks-highlight__content has-text-color has-vivid-cyan-blue-color has-background has-very-light-gray-background-color has-medium-font-size\"><a href=\"https:\/\/pokiopokerclubs.com\/pt\/pokio-app\/\">-&gt; LEIA SOBRE POKIO NO CELULAR &lt;-<\/a><\/mark><\/p>\n\n\n\n<div class=\"wp-block-group\"><div class=\"wp-block-group__inner-container is-layout-flow wp-block-group-is-layout-flow\">\n<h2 class=\"wp-block-heading\">Reproduzir Pokio com Emulador: Guia passo a passo<\/h2>\n\n\n\n<p>Baixar e instalar o Pokio no Emulador \u00e9 realmente f\u00e1cil. Siga os passos abaixo e seja capaz de <strong>jogar Pokio em seu computador<\/strong>!<\/p>\n\n\n\n<div class=\"schema-how-to wp-block-yoast-how-to-block\"><p class=\"schema-how-to-total-time\"><span class=\"schema-how-to-duration-time-text\">Tempo necess\u00e1rio:&nbsp;<\/span>3 minutos<\/p><p class=\"schema-how-to-description\">Assim voc\u00ea joga Pokio via emulador (Memu\/Bluestacks)<\/p> <ol class=\"schema-how-to-steps\"><li class=\"schema-how-to-step\" id=\"how-to-step-1592214267262\"><strong class=\"schema-how-to-step-name\">Download e instala\u00e7\u00e3o de um emulador<\/strong> <p class=\"schema-how-to-step-text\">Escolha entre jogar Pokio em Memu ou Bluestacks.<br\/><br\/><img loading=\"lazy\" decoding=\"async\" width=\"200\" height=\"100\" src=\"https:\/\/pokiopokerclubs.com\/wp-content\/uploads\/2020\/06\/bluememu-300x150.jpg\" class=\"attachment-200x100 size-200x100\" alt=\"emulador de pokio\" srcset=\"https:\/\/pokiopokerclubs.com\/wp-content\/uploads\/2020\/06\/bluememu-300x150.jpg 300w, https:\/\/pokiopokerclubs.com\/wp-content\/uploads\/2020\/06\/bluememu-150x75.jpg 150w, https:\/\/pokiopokerclubs.com\/wp-content\/uploads\/2020\/06\/bluememu.jpg 340w\" sizes=\"auto, (max-width: 200px) 100vw, 200px\" \/><\/p> <\/li><li class=\"schema-how-to-step\" id=\"how-to-step-1592214676182\"><strong class=\"schema-how-to-step-name\">Desativar \"Root mode\".<\/strong> <p class=\"schema-how-to-step-text\">Certifique-se de desativar o Modo Raiz atrav\u00e9s de Configura\u00e7\u00f5es do Sistema -&gt; Motor.<br\/><br\/><img loading=\"lazy\" decoding=\"async\" width=\"200\" height=\"183\" src=\"https:\/\/pokiopokerclubs.com\/wp-content\/uploads\/2020\/06\/hgf-300x275.png\" class=\"attachment-200x183.07210031348 size-200x183.07210031348\" alt=\"\" srcset=\"https:\/\/pokiopokerclubs.com\/wp-content\/uploads\/2020\/06\/hgf-300x275.png 300w, https:\/\/pokiopokerclubs.com\/wp-content\/uploads\/2020\/06\/hgf-150x137.png 150w, https:\/\/pokiopokerclubs.com\/wp-content\/uploads\/2020\/06\/hgf.png 319w\" sizes=\"auto, (max-width: 200px) 100vw, 200px\" \/><\/p> <\/li><li class=\"schema-how-to-step\" id=\"how-to-step-1592214900589\"><strong class=\"schema-how-to-step-name\">Download Pokio via Play Store<\/strong> <p class=\"schema-how-to-step-text\">Pesquisar e instalar o Pokio atrav\u00e9s da Play Store pr\u00e9-instalada.<br\/><br\/><img loading=\"lazy\" decoding=\"async\" width=\"199\" height=\"82\" src=\"https:\/\/pokiopokerclubs.com\/wp-content\/uploads\/2020\/06\/uyku-300x123.png\" class=\"attachment-200x81.780250347705 size-200x81.780250347705\" alt=\"\" srcset=\"https:\/\/pokiopokerclubs.com\/wp-content\/uploads\/2020\/06\/uyku-300x123.png 300w, https:\/\/pokiopokerclubs.com\/wp-content\/uploads\/2020\/06\/uyku-150x61.png 150w, https:\/\/pokiopokerclubs.com\/wp-content\/uploads\/2020\/06\/uyku.png 719w\" sizes=\"auto, (max-width: 199px) 100vw, 199px\" \/><\/p> <\/li><li class=\"schema-how-to-step\" id=\"how-to-step-1592215166233\"><strong class=\"schema-how-to-step-name\">Jogue Pokio no Desktop!<\/strong> <p class=\"schema-how-to-step-text\">Abra o aplicativo Pokio atrav\u00e9s de sua p\u00e1gina inicial do emulador e fa\u00e7a o login. Agora voc\u00ea est\u00e1 pronto para jogar o Pokio em sua \u00e1rea de trabalho!<\/p> <\/li><\/ol><\/div>\n<\/div><\/div>\n\n\n\n<hr class=\"wp-block-separator is-style-dots\"\/>\n\n\n\n<h2 class=\"wp-block-heading\">Pokio Vers\u00e3o PC<\/h2>\n\n\n\n<p>No momento, h\u00e1 um <strong>vers\u00e3o dedicada Pokio PC<\/strong> em produ\u00e7\u00e3o. Isto pode acrescentar caracter\u00edsticas como <strong>multi-tablagem<\/strong>, <strong>mais configura\u00e7\u00f5es<\/strong> e <strong>melhorias extras<\/strong>.<\/p>\n\n\n\n<h3 class=\"wp-block-heading\">Data de lan\u00e7amento<\/h3>\n\n\n\n<p>A data de lan\u00e7amento para o Pokio PC ainda n\u00e3o est\u00e1 definida, mas os rumores dizem <strong>final do ver\u00e3o de 2020<\/strong>. Forneceremos mais informa\u00e7\u00f5es nesta p\u00e1gina o mais r\u00e1pido poss\u00edvel.<\/p>\n\n\n\n<hr class=\"wp-block-separator is-style-dots\"\/>\n\n\n\n<center><a href=\"https:\/\/pokiopokerclubs.com\/pt\/recommends\/northern-poker-club\/\" target=\"_blank\" rel=\"noreferrer noopener\" class=\"icon\">BAIXAR POKIO<\/a><\/center>\n\n\n\n<ul class=\"wp-block-social-links is-layout-flex wp-block-social-links-is-layout-flex\">\n\n<li class=\"wp-social-link wp-social-link-facebook  wp-block-social-link\"><a href=\"https:\/\/www.facebook.com\/pokiopokerclubs\/\" class=\"wp-block-social-link-anchor\"><svg width=\"24\" height=\"24\" viewbox=\"0 0 24 24\" version=\"1.1\" xmlns=\"http:\/\/www.w3.org\/2000\/svg\" aria-hidden=\"true\" focusable=\"false\"><path d=\"M12 2C6.5 2 2 6.5 2 12c0 5 3.7 9.1 8.4 9.9v-7H7.9V12h2.5V9.8c0-2.5 1.5-3.9 3.8-3.9 1.1 0 2.2.2 2.2.2v2.5h-1.3c-1.2 0-1.6.8-1.6 1.6V12h2.8l-.4 2.9h-2.3v7C18.3 21.1 22 17 22 12c0-5.5-4.5-10-10-10z\"><\/path><\/svg><span class=\"wp-block-social-link-label screen-reader-text\">Facebook<\/span><\/a><\/li>\n\n\n\n\n\n\n\n\n\n<li class=\"wp-social-link wp-social-link-twitch  wp-block-social-link\"><a href=\"https:\/\/www.twitch.tv\/pokiopokerclubs\" class=\"wp-block-social-link-anchor\"><svg width=\"24\" height=\"24\" viewbox=\"0 0 24 24\" version=\"1.1\" xmlns=\"http:\/\/www.w3.org\/2000\/svg\" aria-hidden=\"true\" focusable=\"false\"><path d=\"M16.499,8.089h-1.636v4.91h1.636V8.089z M12,8.089h-1.637v4.91H12V8.089z M4.228,3.178L3,6.451v13.092h4.499V22h2.456 l2.454-2.456h3.681L21,14.636V3.178H4.228z M19.364,13.816l-2.864,2.865H12l-2.453,2.453V16.68H5.863V4.814h13.501V13.816z\"><\/path><\/svg><span class=\"wp-block-social-link-label screen-reader-text\">Twitch<\/span><\/a><\/li><\/ul>\n\n\n\n<p> <\/p>","protected":false},"excerpt":{"rendered":"<p>DOWNLOAD POKIO ALL CLUBS Pokio na \u00e1rea de trabalho Explicou \u00c9 muito f\u00e1cil jogar o Pokio na \u00e1rea de trabalho. Muitos de nossos visitantes nos perguntam: \"Posso jogar Pokio no PC?\". E a resposta curta \u00e9: sim, voc\u00ea pode! Este artigo mostrar\u00e1 como voc\u00ea pode tocar Pokio via laptop ou computador estacion\u00e1rio. Vamos entrar em... <\/p>\n<div class=\"read-more navbutton\"><a href=\"https:\/\/pokiopokerclubs.com\/pt\/play-pokio-on-desktop\/\">Leia mais<i class=\"fa fa-angle-double-right\"><\/i><\/a><\/div>","protected":false},"author":1,"featured_media":1721,"parent":0,"menu_order":0,"comment_status":"closed","ping_status":"closed","template":"","meta":{"_coblocks_attr":"","_coblocks_dimensions":"","_coblocks_responsive_height":"","_coblocks_accordion_ie_support":"","footnotes":""},"class_list":["post-1672","page","type-page","status-publish","has-post-thumbnail","hentry"],"yoast_head":"<!-- This site is optimized with the Yoast SEO plugin v27.4 - https:\/\/yoast.com\/product\/yoast-seo-wordpress\/ -->\n<title>Pokio PC: How to play Pokio on Desktop | Step-by-Step Guide<\/title>\n<meta name=\"description\" content=\"Pokio PC: Play Pokio on your desktop, stationary computer or laptop in four easy steps. Play Pokio via an emulator or the upcoming dedicated PC version!\" \/>\n<meta name=\"robots\" content=\"index, follow, max-snippet:-1, max-image-preview:large, max-video-preview:-1\" \/>\n<link rel=\"canonical\" href=\"https:\/\/pokiopokerclubs.com\/pt\/play-pokio-on-desktop\/\" \/>\n<meta property=\"og:locale\" content=\"pt_BR\" \/>\n<meta property=\"og:type\" content=\"article\" \/>\n<meta property=\"og:title\" content=\"Pokio PC: How to play Pokio on Desktop | Step-by-Step Guide\" \/>\n<meta property=\"og:description\" content=\"Pokio PC: Play Pokio on your desktop, stationary computer or laptop in four easy steps. Play Pokio via an emulator or the upcoming dedicated PC version!\" \/>\n<meta property=\"og:url\" content=\"https:\/\/pokiopokerclubs.com\/pt\/play-pokio-on-desktop\/\" \/>\n<meta property=\"og:site_name\" content=\"Pokio Poker Clubs\" \/>\n<meta property=\"article:publisher\" content=\"https:\/\/www.facebook.com\/pokiopokerclubs\/\" \/>\n<meta property=\"article:modified_time\" content=\"2020-06-15T12:52:59+00:00\" \/>\n<meta property=\"og:image\" content=\"https:\/\/secureservercdn.net\/160.153.138.243\/h6c.b09.myftpupload.com\/wp-content\/uploads\/2020\/06\/pokiopc2.jpg?time=1664464442\" \/>\n\t<meta property=\"og:image:width\" content=\"386\" \/>\n\t<meta property=\"og:image:height\" content=\"400\" \/>\n\t<meta property=\"og:image:type\" content=\"image\/jpeg\" \/>\n<meta name=\"twitter:card\" content=\"summary_large_image\" \/>\n<meta name=\"twitter:label1\" content=\"Est. tempo de leitura\" \/>\n\t<meta name=\"twitter:data1\" content=\"2 minutos\" \/>\n<script type=\"application\/ld+json\" class=\"yoast-schema-graph\">{\"@context\":\"https:\\\/\\\/schema.org\",\"@graph\":[{\"@type\":\"WebPage\",\"@id\":\"https:\\\/\\\/pokiopokerclubs.com\\\/pl\\\/play-pokio-on-desktop\\\/\",\"url\":\"https:\\\/\\\/pokiopokerclubs.com\\\/pl\\\/play-pokio-on-desktop\\\/\",\"name\":\"Pokio PC: How to play Pokio on Desktop | Step-by-Step Guide\",\"isPartOf\":{\"@id\":\"https:\\\/\\\/pokiopokerclubs.com\\\/#website\"},\"primaryImageOfPage\":{\"@id\":\"https:\\\/\\\/pokiopokerclubs.com\\\/pl\\\/play-pokio-on-desktop\\\/#primaryimage\"},\"image\":{\"@id\":\"https:\\\/\\\/pokiopokerclubs.com\\\/pl\\\/play-pokio-on-desktop\\\/#primaryimage\"},\"thumbnailUrl\":\"https:\\\/\\\/pokiopokerclubs.com\\\/wp-content\\\/uploads\\\/2020\\\/06\\\/pokiopc2.jpg\",\"datePublished\":\"2020-06-15T10:08:54+00:00\",\"dateModified\":\"2020-06-15T12:52:59+00:00\",\"description\":\"Pokio PC: Play Pokio on your desktop, stationary computer or laptop in four easy steps. Play Pokio via an emulator or the upcoming dedicated PC version!\",\"breadcrumb\":{\"@id\":\"https:\\\/\\\/pokiopokerclubs.com\\\/pl\\\/play-pokio-on-desktop\\\/#breadcrumb\"},\"inLanguage\":\"pt-BR\",\"potentialAction\":[{\"@type\":\"ReadAction\",\"target\":[\"https:\\\/\\\/pokiopokerclubs.com\\\/pl\\\/play-pokio-on-desktop\\\/\"]}]},{\"@type\":\"ImageObject\",\"inLanguage\":\"pt-BR\",\"@id\":\"https:\\\/\\\/pokiopokerclubs.com\\\/pl\\\/play-pokio-on-desktop\\\/#primaryimage\",\"url\":\"https:\\\/\\\/pokiopokerclubs.com\\\/wp-content\\\/uploads\\\/2020\\\/06\\\/pokiopc2.jpg\",\"contentUrl\":\"https:\\\/\\\/pokiopokerclubs.com\\\/wp-content\\\/uploads\\\/2020\\\/06\\\/pokiopc2.jpg\",\"width\":386,\"height\":400,\"caption\":\"pokio pc play pokio on desktop\"},{\"@type\":\"BreadcrumbList\",\"@id\":\"https:\\\/\\\/pokiopokerclubs.com\\\/pl\\\/play-pokio-on-desktop\\\/#breadcrumb\",\"itemListElement\":[{\"@type\":\"ListItem\",\"position\":1,\"name\":\"Home\",\"item\":\"https:\\\/\\\/pokiopokerclubs.com\\\/\"},{\"@type\":\"ListItem\",\"position\":2,\"name\":\"Pokio PC: How to play Pokio on Desktop\"}]},{\"@type\":\"WebSite\",\"@id\":\"https:\\\/\\\/pokiopokerclubs.com\\\/#website\",\"url\":\"https:\\\/\\\/pokiopokerclubs.com\\\/\",\"name\":\"Pokio Poker Clubs\",\"description\":\"Real Money Mobile Poker App!\",\"publisher\":{\"@id\":\"https:\\\/\\\/pokiopokerclubs.com\\\/#organization\"},\"potentialAction\":[{\"@type\":\"SearchAction\",\"target\":{\"@type\":\"EntryPoint\",\"urlTemplate\":\"https:\\\/\\\/pokiopokerclubs.com\\\/?s={search_term_string}\"},\"query-input\":{\"@type\":\"PropertyValueSpecification\",\"valueRequired\":true,\"valueName\":\"search_term_string\"}}],\"inLanguage\":\"pt-BR\"},{\"@type\":\"Organization\",\"@id\":\"https:\\\/\\\/pokiopokerclubs.com\\\/#organization\",\"name\":\"Pokio Poker Clubs\",\"url\":\"https:\\\/\\\/pokiopokerclubs.com\\\/\",\"logo\":{\"@type\":\"ImageObject\",\"inLanguage\":\"pt-BR\",\"@id\":\"https:\\\/\\\/pokiopokerclubs.com\\\/#\\\/schema\\\/logo\\\/image\\\/\",\"url\":\"https:\\\/\\\/secureservercdn.net\\\/160.153.138.53\\\/h6c.b09.myftpupload.com\\\/wp-content\\\/uploads\\\/2020\\\/01\\\/10.png?time=1618907615\",\"contentUrl\":\"https:\\\/\\\/secureservercdn.net\\\/160.153.138.53\\\/h6c.b09.myftpupload.com\\\/wp-content\\\/uploads\\\/2020\\\/01\\\/10.png?time=1618907615\",\"width\":1749,\"height\":1340,\"caption\":\"Pokio Poker Clubs\"},\"image\":{\"@id\":\"https:\\\/\\\/pokiopokerclubs.com\\\/#\\\/schema\\\/logo\\\/image\\\/\"},\"sameAs\":[\"https:\\\/\\\/www.facebook.com\\\/pokiopokerclubs\\\/\"]},{\"@type\":\"HowTo\",\"@id\":\"https:\\\/\\\/pokiopokerclubs.com\\\/pl\\\/play-pokio-on-desktop\\\/#howto-1\",\"name\":\"Pokio PC: How to play Pokio on Desktop\",\"mainEntityOfPage\":{\"@id\":\"https:\\\/\\\/pokiopokerclubs.com\\\/pl\\\/play-pokio-on-desktop\\\/\"},\"description\":\"This how you play Pokio via emulator (Memu\\\/Bluestacks)\",\"totalTime\":\"P0DT0H3M\",\"step\":[{\"@type\":\"HowToStep\",\"url\":\"https:\\\/\\\/pokiopokerclubs.com\\\/pl\\\/play-pokio-on-desktop\\\/#how-to-step-1592214267262\",\"name\":\"Download &amp; Install an Emulator\",\"itemListElement\":[{\"@type\":\"HowToDirection\",\"text\":\"Choose between playing Pokio on Memu or Bluestacks.\"}],\"image\":{\"@type\":\"ImageObject\",\"inLanguage\":\"pt-BR\",\"@id\":\"https:\\\/\\\/pokiopokerclubs.com\\\/pl\\\/play-pokio-on-desktop\\\/#schema-image-b40dd062ab5830d9e0c9a1860fc82582\",\"url\":\"https:\\\/\\\/pokiopokerclubs.com\\\/wp-content\\\/uploads\\\/2020\\\/06\\\/bluememu.jpg\",\"contentUrl\":\"https:\\\/\\\/pokiopokerclubs.com\\\/wp-content\\\/uploads\\\/2020\\\/06\\\/bluememu.jpg\"}},{\"@type\":\"HowToStep\",\"url\":\"https:\\\/\\\/pokiopokerclubs.com\\\/pl\\\/play-pokio-on-desktop\\\/#how-to-step-1592214676182\",\"name\":\"Disable \\\"Root mode\\\"\",\"itemListElement\":[{\"@type\":\"HowToDirection\",\"text\":\"Make sure to disable the Root Mode via System Settings -> Engine.\"}],\"image\":{\"@type\":\"ImageObject\",\"inLanguage\":\"pt-BR\",\"@id\":\"https:\\\/\\\/pokiopokerclubs.com\\\/pl\\\/play-pokio-on-desktop\\\/#schema-image-7c876a220280e81f72ccbf4bfbd74079\",\"url\":\"https:\\\/\\\/pokiopokerclubs.com\\\/wp-content\\\/uploads\\\/2020\\\/06\\\/hgf.png\",\"contentUrl\":\"https:\\\/\\\/pokiopokerclubs.com\\\/wp-content\\\/uploads\\\/2020\\\/06\\\/hgf.png\"}},{\"@type\":\"HowToStep\",\"url\":\"https:\\\/\\\/pokiopokerclubs.com\\\/pl\\\/play-pokio-on-desktop\\\/#how-to-step-1592214900589\",\"name\":\"Download Pokio via Play Store\",\"itemListElement\":[{\"@type\":\"HowToDirection\",\"text\":\"Search and install Pokio via the pre-installed Play Store.\"}],\"image\":{\"@type\":\"ImageObject\",\"inLanguage\":\"pt-BR\",\"@id\":\"https:\\\/\\\/pokiopokerclubs.com\\\/pl\\\/play-pokio-on-desktop\\\/#schema-image-7176192b958341d6a4de7d56e9a0e538\",\"url\":\"https:\\\/\\\/pokiopokerclubs.com\\\/wp-content\\\/uploads\\\/2020\\\/06\\\/uyku.png\",\"contentUrl\":\"https:\\\/\\\/pokiopokerclubs.com\\\/wp-content\\\/uploads\\\/2020\\\/06\\\/uyku.png\"}},{\"@type\":\"HowToStep\",\"url\":\"https:\\\/\\\/pokiopokerclubs.com\\\/pl\\\/play-pokio-on-desktop\\\/#how-to-step-1592215166233\",\"name\":\"Play Pokio on Desktop!\",\"itemListElement\":[{\"@type\":\"HowToDirection\",\"text\":\"Open the Pokio app via your emulator homepage and login. You're now ready to play Pokio on your desktop!\"}]}],\"inLanguage\":\"pt-BR\"}]}<\/script>\n<!-- \/ Yoast SEO plugin. -->","yoast_head_json":{"title":"Pokio PC: Como jogar Pokio no Desktop | Guia passo-a-passo","description":"Pokio PC: Reproduza o Pokio em seu desktop, computador estacion\u00e1rio ou laptop em quatro etapas f\u00e1ceis. Reproduza o Pokio atrav\u00e9s de um emulador ou da pr\u00f3xima vers\u00e3o dedicada para PC!","robots":{"index":"index","follow":"follow","max-snippet":"max-snippet:-1","max-image-preview":"max-image-preview:large","max-video-preview":"max-video-preview:-1"},"canonical":"https:\/\/pokiopokerclubs.com\/pt\/play-pokio-on-desktop\/","og_locale":"pt_BR","og_type":"article","og_title":"Pokio PC: How to play Pokio on Desktop | Step-by-Step Guide","og_description":"Pokio PC: Play Pokio on your desktop, stationary computer or laptop in four easy steps. Play Pokio via an emulator or the upcoming dedicated PC version!","og_url":"https:\/\/pokiopokerclubs.com\/pt\/play-pokio-on-desktop\/","og_site_name":"Pokio Poker Clubs","article_publisher":"https:\/\/www.facebook.com\/pokiopokerclubs\/","article_modified_time":"2020-06-15T12:52:59+00:00","og_image":[{"width":386,"height":400,"url":"https:\/\/secureservercdn.net\/160.153.138.243\/h6c.b09.myftpupload.com\/wp-content\/uploads\/2020\/06\/pokiopc2.jpg?time=1664464442","type":"image\/jpeg"}],"twitter_card":"summary_large_image","twitter_misc":{"Est. tempo de leitura":"2 minutos"},"schema":{"@context":"https:\/\/schema.org","@graph":[{"@type":"WebPage","@id":"https:\/\/pokiopokerclubs.com\/pl\/play-pokio-on-desktop\/","url":"https:\/\/pokiopokerclubs.com\/pl\/play-pokio-on-desktop\/","name":"Pokio PC: Como jogar Pokio no Desktop | Guia passo-a-passo","isPartOf":{"@id":"https:\/\/pokiopokerclubs.com\/#website"},"primaryImageOfPage":{"@id":"https:\/\/pokiopokerclubs.com\/pl\/play-pokio-on-desktop\/#primaryimage"},"image":{"@id":"https:\/\/pokiopokerclubs.com\/pl\/play-pokio-on-desktop\/#primaryimage"},"thumbnailUrl":"https:\/\/pokiopokerclubs.com\/wp-content\/uploads\/2020\/06\/pokiopc2.jpg","datePublished":"2020-06-15T10:08:54+00:00","dateModified":"2020-06-15T12:52:59+00:00","description":"Pokio PC: Reproduza o Pokio em seu desktop, computador estacion\u00e1rio ou laptop em quatro etapas f\u00e1ceis. Reproduza o Pokio atrav\u00e9s de um emulador ou da pr\u00f3xima vers\u00e3o dedicada para PC!","breadcrumb":{"@id":"https:\/\/pokiopokerclubs.com\/pl\/play-pokio-on-desktop\/#breadcrumb"},"inLanguage":"pt-BR","potentialAction":[{"@type":"ReadAction","target":["https:\/\/pokiopokerclubs.com\/pl\/play-pokio-on-desktop\/"]}]},{"@type":"ImageObject","inLanguage":"pt-BR","@id":"https:\/\/pokiopokerclubs.com\/pl\/play-pokio-on-desktop\/#primaryimage","url":"https:\/\/pokiopokerclubs.com\/wp-content\/uploads\/2020\/06\/pokiopc2.jpg","contentUrl":"https:\/\/pokiopokerclubs.com\/wp-content\/uploads\/2020\/06\/pokiopc2.jpg","width":386,"height":400,"caption":"pokio pc play pokio on desktop"},{"@type":"BreadcrumbList","@id":"https:\/\/pokiopokerclubs.com\/pl\/play-pokio-on-desktop\/#breadcrumb","itemListElement":[{"@type":"ListItem","position":1,"name":"Home","item":"https:\/\/pokiopokerclubs.com\/"},{"@type":"ListItem","position":2,"name":"Pokio PC: How to play Pokio on Desktop"}]},{"@type":"WebSite","@id":"https:\/\/pokiopokerclubs.com\/#website","url":"https:\/\/pokiopokerclubs.com\/","name":"Pokio Poker Clubs","description":"Aplicativo de P\u00f4quer M\u00f3vel por Dinheiro Real!","publisher":{"@id":"https:\/\/pokiopokerclubs.com\/#organization"},"potentialAction":[{"@type":"SearchAction","target":{"@type":"EntryPoint","urlTemplate":"https:\/\/pokiopokerclubs.com\/?s={search_term_string}"},"query-input":{"@type":"PropertyValueSpecification","valueRequired":true,"valueName":"search_term_string"}}],"inLanguage":"pt-BR"},{"@type":"Organization","@id":"https:\/\/pokiopokerclubs.com\/#organization","name":"Pokio Poker Clubs","url":"https:\/\/pokiopokerclubs.com\/","logo":{"@type":"ImageObject","inLanguage":"pt-BR","@id":"https:\/\/pokiopokerclubs.com\/#\/schema\/logo\/image\/","url":"https:\/\/secureservercdn.net\/160.153.138.53\/h6c.b09.myftpupload.com\/wp-content\/uploads\/2020\/01\/10.png?time=1618907615","contentUrl":"https:\/\/secureservercdn.net\/160.153.138.53\/h6c.b09.myftpupload.com\/wp-content\/uploads\/2020\/01\/10.png?time=1618907615","width":1749,"height":1340,"caption":"Pokio Poker Clubs"},"image":{"@id":"https:\/\/pokiopokerclubs.com\/#\/schema\/logo\/image\/"},"sameAs":["https:\/\/www.facebook.com\/pokiopokerclubs\/"]},{"@type":"HowTo","@id":"https:\/\/pokiopokerclubs.com\/pl\/play-pokio-on-desktop\/#howto-1","name":"Pokio PC: Como tocar Pokio no Desktop","mainEntityOfPage":{"@id":"https:\/\/pokiopokerclubs.com\/pl\/play-pokio-on-desktop\/"},"description":"Assim voc\u00ea joga Pokio via emulador (Memu\/Bluestacks)","totalTime":"P0DT0H3M","step":[{"@type":"HowToStep","url":"https:\/\/pokiopokerclubs.com\/pl\/play-pokio-on-desktop\/#how-to-step-1592214267262","name":"Download &amp; Install an Emulator","itemListElement":[{"@type":"HowToDirection","text":"Choose between playing Pokio on Memu or Bluestacks."}],"image":{"@type":"ImageObject","inLanguage":"pt-BR","@id":"https:\/\/pokiopokerclubs.com\/pl\/play-pokio-on-desktop\/#schema-image-b40dd062ab5830d9e0c9a1860fc82582","url":"https:\/\/pokiopokerclubs.com\/wp-content\/uploads\/2020\/06\/bluememu.jpg","contentUrl":"https:\/\/pokiopokerclubs.com\/wp-content\/uploads\/2020\/06\/bluememu.jpg"}},{"@type":"HowToStep","url":"https:\/\/pokiopokerclubs.com\/pl\/play-pokio-on-desktop\/#how-to-step-1592214676182","name":"Disable \"Root mode\"","itemListElement":[{"@type":"HowToDirection","text":"Make sure to disable the Root Mode via System Settings -> Engine."}],"image":{"@type":"ImageObject","inLanguage":"pt-BR","@id":"https:\/\/pokiopokerclubs.com\/pl\/play-pokio-on-desktop\/#schema-image-7c876a220280e81f72ccbf4bfbd74079","url":"https:\/\/pokiopokerclubs.com\/wp-content\/uploads\/2020\/06\/hgf.png","contentUrl":"https:\/\/pokiopokerclubs.com\/wp-content\/uploads\/2020\/06\/hgf.png"}},{"@type":"HowToStep","url":"https:\/\/pokiopokerclubs.com\/pl\/play-pokio-on-desktop\/#how-to-step-1592214900589","name":"Download Pokio via Play Store","itemListElement":[{"@type":"HowToDirection","text":"Search and install Pokio via the pre-installed Play Store."}],"image":{"@type":"ImageObject","inLanguage":"pt-BR","@id":"https:\/\/pokiopokerclubs.com\/pl\/play-pokio-on-desktop\/#schema-image-7176192b958341d6a4de7d56e9a0e538","url":"https:\/\/pokiopokerclubs.com\/wp-content\/uploads\/2020\/06\/uyku.png","contentUrl":"https:\/\/pokiopokerclubs.com\/wp-content\/uploads\/2020\/06\/uyku.png"}},{"@type":"HowToStep","url":"https:\/\/pokiopokerclubs.com\/pl\/play-pokio-on-desktop\/#how-to-step-1592215166233","name":"Play Pokio on Desktop!","itemListElement":[{"@type":"HowToDirection","text":"Open the Pokio app via your emulator homepage and login. You're now ready to play Pokio on your desktop!"}]}],"inLanguage":"pt-BR"}]}},"_links":{"self":[{"href":"https:\/\/pokiopokerclubs.com\/pt\/wp-json\/wp\/v2\/pages\/1672","targetHints":{"allow":["GET"]}}],"collection":[{"href":"https:\/\/pokiopokerclubs.com\/pt\/wp-json\/wp\/v2\/pages"}],"about":[{"href":"https:\/\/pokiopokerclubs.com\/pt\/wp-json\/wp\/v2\/types\/page"}],"author":[{"embeddable":true,"href":"https:\/\/pokiopokerclubs.com\/pt\/wp-json\/wp\/v2\/users\/1"}],"replies":[{"embeddable":true,"href":"https:\/\/pokiopokerclubs.com\/pt\/wp-json\/wp\/v2\/comments?post=1672"}],"version-history":[{"count":0,"href":"https:\/\/pokiopokerclubs.com\/pt\/wp-json\/wp\/v2\/pages\/1672\/revisions"}],"wp:featuredmedia":[{"embeddable":true,"href":"https:\/\/pokiopokerclubs.com\/pt\/wp-json\/wp\/v2\/media\/1721"}],"wp:attachment":[{"href":"https:\/\/pokiopokerclubs.com\/pt\/wp-json\/wp\/v2\/media?parent=1672"}],"curies":[{"name":"wp","href":"https:\/\/api.w.org\/{rel}","templated":true}]}}