{"id":325,"date":"2020-02-01T01:42:35","date_gmt":"2020-02-01T00:42:35","guid":{"rendered":"https:\/\/pokiopokerclubs.com\/?page_id=325"},"modified":"2020-05-28T12:45:58","modified_gmt":"2020-05-28T10:45:58","slug":"available-countries","status":"publish","type":"page","link":"https:\/\/pokiopokerclubs.com\/pl\/dostepne-kraje\/","title":{"rendered":"Dost\u0119pne kraje"},"content":{"rendered":"<p>Dost\u0119pne kraje, z kt\u00f3rych mo\u017cna si\u0119 przy\u0142\u0105czy\u0107, s\u0105 wy\u015bwietlane w&nbsp;<span style=\"color: #26de85;\">Zielony<\/span> na mapie. Przeczytaj nasz <a href=\"https:\/\/pokiopokerclubs.com\/pl\/pokio-faq\/\">FAQ<\/a> aby uzyska\u0107 wi\u0119cej informacji.<\/p>\n<div class=\"map_wrapper\" id=\"map_wrapper_330\">\n<div class=\"map_box\" style=\"max-width:2200px\">\n<div class=\"map_aspect_ratio\" style=\"padding-top:56%\" data-padding-top=\"56%\" data-padding-top-mobile=\"\">\n<div class=\"map_container\">\n<div class=\"map_render map_loading\" id=\"map_330\"><\/div>\n<\/div>\n<\/div>\n<\/div>\n<\/div>\n\n\n<p><\/p>","protected":false},"excerpt":{"rendered":"<p>Dost\u0119pne kraje, z kt\u00f3rych mo\u017cna do\u0142\u0105czy\u0107, s\u0105 wy\u015bwietlane na mapie na zielono. Przeczytaj nasz FAQ, aby uzyska\u0107 wi\u0119cej informacji.<\/p>","protected":false},"author":1,"featured_media":0,"parent":0,"menu_order":0,"comment_status":"closed","ping_status":"closed","template":"","meta":{"_coblocks_attr":"","_coblocks_dimensions":"","_coblocks_responsive_height":"","_coblocks_accordion_ie_support":"","footnotes":""},"class_list":["post-325","page","type-page","status-publish","hentry"],"yoast_head":"<!-- This site is optimized with the Yoast SEO plugin v27.4 - https:\/\/yoast.com\/product\/yoast-seo-wordpress\/ -->\n<title>Available Countries | Pokio Poker Clubs<\/title>\n<meta name=\"robots\" content=\"noindex, nofollow\" \/>\n<meta property=\"og:locale\" content=\"pl_PL\" \/>\n<meta property=\"og:type\" content=\"article\" \/>\n<meta property=\"og:title\" content=\"Available Countries | Pokio Poker Clubs\" \/>\n<meta property=\"og:description\" content=\"The available countries to join from are displayed in&nbsp;green on the map. Read our FAQ for more info.\" \/>\n<meta property=\"og:url\" content=\"https:\/\/pokiopokerclubs.com\/pl\/\u0434\u043e\u0441\u0442\u0443\u043f\u043d\u044b\u0435-\u0441\u0442\u0440\u0430\u043d\u044b\/\" \/>\n<meta property=\"og:site_name\" content=\"Pokio Poker Clubs\" \/>\n<meta property=\"article:publisher\" content=\"https:\/\/www.facebook.com\/pokiopokerclubs\/\" \/>\n<meta property=\"article:modified_time\" content=\"2020-05-28T10:45:58+00:00\" \/>\n<meta name=\"twitter:card\" content=\"summary_large_image\" \/>\n<script type=\"application\/ld+json\" class=\"yoast-schema-graph\">{\"@context\":\"https:\\\/\\\/schema.org\",\"@graph\":[{\"@type\":\"WebPage\",\"@id\":\"https:\\\/\\\/pokiopokerclubs.com\\\/ru\\\/%d0%b4%d0%be%d1%81%d1%82%d1%83%d0%bf%d0%bd%d1%8b%d0%b5-%d1%81%d1%82%d1%80%d0%b0%d0%bd%d1%8b\\\/\",\"url\":\"https:\\\/\\\/pokiopokerclubs.com\\\/ru\\\/%d0%b4%d0%be%d1%81%d1%82%d1%83%d0%bf%d0%bd%d1%8b%d0%b5-%d1%81%d1%82%d1%80%d0%b0%d0%bd%d1%8b\\\/\",\"name\":\"Available Countries | Pokio Poker Clubs\",\"isPartOf\":{\"@id\":\"https:\\\/\\\/pokiopokerclubs.com\\\/#website\"},\"datePublished\":\"2020-02-01T00:42:35+00:00\",\"dateModified\":\"2020-05-28T10:45:58+00:00\",\"breadcrumb\":{\"@id\":\"https:\\\/\\\/pokiopokerclubs.com\\\/ru\\\/%d0%b4%d0%be%d1%81%d1%82%d1%83%d0%bf%d0%bd%d1%8b%d0%b5-%d1%81%d1%82%d1%80%d0%b0%d0%bd%d1%8b\\\/#breadcrumb\"},\"inLanguage\":\"pl-PL\",\"potentialAction\":[{\"@type\":\"ReadAction\",\"target\":[\"https:\\\/\\\/pokiopokerclubs.com\\\/ru\\\/%d0%b4%d0%be%d1%81%d1%82%d1%83%d0%bf%d0%bd%d1%8b%d0%b5-%d1%81%d1%82%d1%80%d0%b0%d0%bd%d1%8b\\\/\"]}]},{\"@type\":\"BreadcrumbList\",\"@id\":\"https:\\\/\\\/pokiopokerclubs.com\\\/ru\\\/%d0%b4%d0%be%d1%81%d1%82%d1%83%d0%bf%d0%bd%d1%8b%d0%b5-%d1%81%d1%82%d1%80%d0%b0%d0%bd%d1%8b\\\/#breadcrumb\",\"itemListElement\":[{\"@type\":\"ListItem\",\"position\":1,\"name\":\"Home\",\"item\":\"https:\\\/\\\/pokiopokerclubs.com\\\/\"},{\"@type\":\"ListItem\",\"position\":2,\"name\":\"Available Countries\"}]},{\"@type\":\"WebSite\",\"@id\":\"https:\\\/\\\/pokiopokerclubs.com\\\/#website\",\"url\":\"https:\\\/\\\/pokiopokerclubs.com\\\/\",\"name\":\"Pokio Poker Clubs\",\"description\":\"Real Money Mobile Poker App!\",\"publisher\":{\"@id\":\"https:\\\/\\\/pokiopokerclubs.com\\\/#organization\"},\"potentialAction\":[{\"@type\":\"SearchAction\",\"target\":{\"@type\":\"EntryPoint\",\"urlTemplate\":\"https:\\\/\\\/pokiopokerclubs.com\\\/?s={search_term_string}\"},\"query-input\":{\"@type\":\"PropertyValueSpecification\",\"valueRequired\":true,\"valueName\":\"search_term_string\"}}],\"inLanguage\":\"pl-PL\"},{\"@type\":\"Organization\",\"@id\":\"https:\\\/\\\/pokiopokerclubs.com\\\/#organization\",\"name\":\"Pokio Poker Clubs\",\"url\":\"https:\\\/\\\/pokiopokerclubs.com\\\/\",\"logo\":{\"@type\":\"ImageObject\",\"inLanguage\":\"pl-PL\",\"@id\":\"https:\\\/\\\/pokiopokerclubs.com\\\/#\\\/schema\\\/logo\\\/image\\\/\",\"url\":\"https:\\\/\\\/secureservercdn.net\\\/160.153.138.53\\\/h6c.b09.myftpupload.com\\\/wp-content\\\/uploads\\\/2020\\\/01\\\/10.png?time=1618907615\",\"contentUrl\":\"https:\\\/\\\/secureservercdn.net\\\/160.153.138.53\\\/h6c.b09.myftpupload.com\\\/wp-content\\\/uploads\\\/2020\\\/01\\\/10.png?time=1618907615\",\"width\":1749,\"height\":1340,\"caption\":\"Pokio Poker Clubs\"},\"image\":{\"@id\":\"https:\\\/\\\/pokiopokerclubs.com\\\/#\\\/schema\\\/logo\\\/image\\\/\"},\"sameAs\":[\"https:\\\/\\\/www.facebook.com\\\/pokiopokerclubs\\\/\"]}]}<\/script>\n<!-- \/ Yoast SEO plugin. -->","yoast_head_json":{"title":"Dost\u0119pne kraje | Pokio Kluby pokerowe","robots":{"index":"noindex","follow":"nofollow"},"og_locale":"pl_PL","og_type":"article","og_title":"Available Countries | Pokio Poker Clubs","og_description":"The available countries to join from are displayed in&nbsp;green on the map. Read our FAQ for more info.","og_url":"https:\/\/pokiopokerclubs.com\/pl\/\u0434\u043e\u0441\u0442\u0443\u043f\u043d\u044b\u0435-\u0441\u0442\u0440\u0430\u043d\u044b\/","og_site_name":"Pokio Poker Clubs","article_publisher":"https:\/\/www.facebook.com\/pokiopokerclubs\/","article_modified_time":"2020-05-28T10:45:58+00:00","twitter_card":"summary_large_image","schema":{"@context":"https:\/\/schema.org","@graph":[{"@type":"WebPage","@id":"https:\/\/pokiopokerclubs.com\/ru\/%d0%b4%d0%be%d1%81%d1%82%d1%83%d0%bf%d0%bd%d1%8b%d0%b5-%d1%81%d1%82%d1%80%d0%b0%d0%bd%d1%8b\/","url":"https:\/\/pokiopokerclubs.com\/ru\/%d0%b4%d0%be%d1%81%d1%82%d1%83%d0%bf%d0%bd%d1%8b%d0%b5-%d1%81%d1%82%d1%80%d0%b0%d0%bd%d1%8b\/","name":"Dost\u0119pne kraje | Pokio Kluby pokerowe","isPartOf":{"@id":"https:\/\/pokiopokerclubs.com\/#website"},"datePublished":"2020-02-01T00:42:35+00:00","dateModified":"2020-05-28T10:45:58+00:00","breadcrumb":{"@id":"https:\/\/pokiopokerclubs.com\/ru\/%d0%b4%d0%be%d1%81%d1%82%d1%83%d0%bf%d0%bd%d1%8b%d0%b5-%d1%81%d1%82%d1%80%d0%b0%d0%bd%d1%8b\/#breadcrumb"},"inLanguage":"pl-PL","potentialAction":[{"@type":"ReadAction","target":["https:\/\/pokiopokerclubs.com\/ru\/%d0%b4%d0%be%d1%81%d1%82%d1%83%d0%bf%d0%bd%d1%8b%d0%b5-%d1%81%d1%82%d1%80%d0%b0%d0%bd%d1%8b\/"]}]},{"@type":"BreadcrumbList","@id":"https:\/\/pokiopokerclubs.com\/ru\/%d0%b4%d0%be%d1%81%d1%82%d1%83%d0%bf%d0%bd%d1%8b%d0%b5-%d1%81%d1%82%d1%80%d0%b0%d0%bd%d1%8b\/#breadcrumb","itemListElement":[{"@type":"ListItem","position":1,"name":"Home","item":"https:\/\/pokiopokerclubs.com\/"},{"@type":"ListItem","position":2,"name":"Available Countries"}]},{"@type":"WebSite","@id":"https:\/\/pokiopokerclubs.com\/#website","url":"https:\/\/pokiopokerclubs.com\/","name":"Pokio Poker Clubs","description":"Real Money Mobile Poker App!","publisher":{"@id":"https:\/\/pokiopokerclubs.com\/#organization"},"potentialAction":[{"@type":"SearchAction","target":{"@type":"EntryPoint","urlTemplate":"https:\/\/pokiopokerclubs.com\/?s={search_term_string}"},"query-input":{"@type":"PropertyValueSpecification","valueRequired":true,"valueName":"search_term_string"}}],"inLanguage":"pl-PL"},{"@type":"Organization","@id":"https:\/\/pokiopokerclubs.com\/#organization","name":"Pokio Poker Clubs","url":"https:\/\/pokiopokerclubs.com\/","logo":{"@type":"ImageObject","inLanguage":"pl-PL","@id":"https:\/\/pokiopokerclubs.com\/#\/schema\/logo\/image\/","url":"https:\/\/secureservercdn.net\/160.153.138.53\/h6c.b09.myftpupload.com\/wp-content\/uploads\/2020\/01\/10.png?time=1618907615","contentUrl":"https:\/\/secureservercdn.net\/160.153.138.53\/h6c.b09.myftpupload.com\/wp-content\/uploads\/2020\/01\/10.png?time=1618907615","width":1749,"height":1340,"caption":"Pokio Poker Clubs"},"image":{"@id":"https:\/\/pokiopokerclubs.com\/#\/schema\/logo\/image\/"},"sameAs":["https:\/\/www.facebook.com\/pokiopokerclubs\/"]}]}},"_links":{"self":[{"href":"https:\/\/pokiopokerclubs.com\/pl\/wp-json\/wp\/v2\/pages\/325","targetHints":{"allow":["GET"]}}],"collection":[{"href":"https:\/\/pokiopokerclubs.com\/pl\/wp-json\/wp\/v2\/pages"}],"about":[{"href":"https:\/\/pokiopokerclubs.com\/pl\/wp-json\/wp\/v2\/types\/page"}],"author":[{"embeddable":true,"href":"https:\/\/pokiopokerclubs.com\/pl\/wp-json\/wp\/v2\/users\/1"}],"replies":[{"embeddable":true,"href":"https:\/\/pokiopokerclubs.com\/pl\/wp-json\/wp\/v2\/comments?post=325"}],"version-history":[{"count":0,"href":"https:\/\/pokiopokerclubs.com\/pl\/wp-json\/wp\/v2\/pages\/325\/revisions"}],"wp:attachment":[{"href":"https:\/\/pokiopokerclubs.com\/pl\/wp-json\/wp\/v2\/media?parent=325"}],"curies":[{"name":"wp","href":"https:\/\/api.w.org\/{rel}","templated":true}]}}