{"id":1339,"date":"2020-04-22T14:42:42","date_gmt":"2020-04-22T12:42:42","guid":{"rendered":"https:\/\/pokiopokerclubs.com\/?page_id=1339"},"modified":"2020-12-29T21:58:09","modified_gmt":"2020-12-29T19:58:09","slug":"pokio-rakeback","status":"publish","type":"page","link":"https:\/\/pokiopokerclubs.com\/es\/pokio-rakeback\/","title":{"rendered":"Pokio Rakeback: Consigue ofertas \u00fanicas de Pokio"},"content":{"rendered":"","protected":true},"excerpt":{"rendered":"","protected":true},"author":1,"featured_media":1358,"parent":0,"menu_order":0,"comment_status":"closed","ping_status":"closed","template":"","meta":{"_coblocks_attr":"","_coblocks_dimensions":"","_coblocks_responsive_height":"","_coblocks_accordion_ie_support":"","footnotes":""},"class_list":["post-1339","page","type-page","status-publish","post-password-required","hentry"],"yoast_head":"<!-- This site is optimized with the Yoast SEO plugin v27.5 - https:\/\/yoast.com\/product\/yoast-seo-wordpress\/ -->\n<title>Pokio Rakeback | This page is PASSWORD PROTECTED | 2026<\/title>\n<meta name=\"description\" content=\"Pokio Rakeback: This page is currently password protected. There&#039;s no visible information available regarding the subject &quot;Pokio Rakeback&quot; at this time.\" \/>\n<meta name=\"robots\" content=\"index, follow, max-snippet:-1, max-image-preview:large, max-video-preview:-1\" \/>\n<link rel=\"canonical\" href=\"https:\/\/pokiopokerclubs.com\/es\/\u043f\u043e\u043a\u0438\u043e-\u0440\u0435\u0439\u043a\u0431\u044d\u043a\/\" \/>\n<meta property=\"og:locale\" content=\"es_MX\" \/>\n<meta property=\"og:type\" content=\"article\" \/>\n<meta property=\"og:title\" content=\"Pokio Rakeback | This page is PASSWORD PROTECTED | 2026\" \/>\n<meta property=\"og:description\" content=\"Pokio Rakeback: This page is currently password protected. There&#039;s no visible information available regarding the subject &quot;Pokio Rakeback&quot; at this time.\" \/>\n<meta property=\"og:url\" content=\"https:\/\/pokiopokerclubs.com\/es\/\u043f\u043e\u043a\u0438\u043e-\u0440\u0435\u0439\u043a\u0431\u044d\u043a\/\" \/>\n<meta property=\"og:site_name\" content=\"Pokio Poker Clubs\" \/>\n<meta property=\"article:publisher\" content=\"https:\/\/www.facebook.com\/pokiopokerclubs\/\" \/>\n<meta property=\"article:modified_time\" content=\"2020-12-29T19:58:09+00:00\" \/>\n<meta name=\"twitter:card\" content=\"summary_large_image\" \/>\n<meta name=\"twitter:label1\" content=\"Tiempo de lectura\" \/>\n\t<meta name=\"twitter:data1\" content=\"2 minutos\" \/>\n<script type=\"application\/ld+json\" class=\"yoast-schema-graph\">{\"@context\":\"https:\\\/\\\/schema.org\",\"@graph\":[{\"@type\":\"WebPage\",\"@id\":\"https:\\\/\\\/pokiopokerclubs.com\\\/ru\\\/%d0%bf%d0%be%d0%ba%d0%b8%d0%be-%d1%80%d0%b5%d0%b9%d0%ba%d0%b1%d1%8d%d0%ba\\\/\",\"url\":\"https:\\\/\\\/pokiopokerclubs.com\\\/ru\\\/%d0%bf%d0%be%d0%ba%d0%b8%d0%be-%d1%80%d0%b5%d0%b9%d0%ba%d0%b1%d1%8d%d0%ba\\\/\",\"name\":\"Pokio Rakeback | This page is PASSWORD PROTECTED | 2026\",\"isPartOf\":{\"@id\":\"https:\\\/\\\/pokiopokerclubs.com\\\/#website\"},\"datePublished\":\"2020-04-22T12:42:42+00:00\",\"dateModified\":\"2020-12-29T19:58:09+00:00\",\"breadcrumb\":{\"@id\":\"https:\\\/\\\/pokiopokerclubs.com\\\/ru\\\/%d0%bf%d0%be%d0%ba%d0%b8%d0%be-%d1%80%d0%b5%d0%b9%d0%ba%d0%b1%d1%8d%d0%ba\\\/#breadcrumb\"},\"inLanguage\":\"es\"},{\"@type\":\"WebSite\",\"@id\":\"https:\\\/\\\/pokiopokerclubs.com\\\/#website\",\"url\":\"https:\\\/\\\/pokiopokerclubs.com\\\/\",\"name\":\"Pokio Poker Clubs\",\"description\":\"Real Money Mobile Poker App!\",\"publisher\":{\"@id\":\"https:\\\/\\\/pokiopokerclubs.com\\\/#organization\"},\"potentialAction\":[{\"@type\":\"SearchAction\",\"target\":{\"@type\":\"EntryPoint\",\"urlTemplate\":\"https:\\\/\\\/pokiopokerclubs.com\\\/?s={search_term_string}\"},\"query-input\":{\"@type\":\"PropertyValueSpecification\",\"valueRequired\":true,\"valueName\":\"search_term_string\"}}],\"inLanguage\":\"es\"},{\"@type\":\"Organization\",\"@id\":\"https:\\\/\\\/pokiopokerclubs.com\\\/#organization\",\"name\":\"Pokio Poker Clubs\",\"url\":\"https:\\\/\\\/pokiopokerclubs.com\\\/\",\"logo\":{\"@type\":\"ImageObject\",\"inLanguage\":\"es\",\"@id\":\"https:\\\/\\\/pokiopokerclubs.com\\\/#\\\/schema\\\/logo\\\/image\\\/\",\"url\":\"https:\\\/\\\/secureservercdn.net\\\/160.153.138.53\\\/h6c.b09.myftpupload.com\\\/wp-content\\\/uploads\\\/2020\\\/01\\\/10.png?time=1618907615\",\"contentUrl\":\"https:\\\/\\\/secureservercdn.net\\\/160.153.138.53\\\/h6c.b09.myftpupload.com\\\/wp-content\\\/uploads\\\/2020\\\/01\\\/10.png?time=1618907615\",\"width\":1749,\"height\":1340,\"caption\":\"Pokio Poker Clubs\"},\"image\":{\"@id\":\"https:\\\/\\\/pokiopokerclubs.com\\\/#\\\/schema\\\/logo\\\/image\\\/\"},\"sameAs\":[\"https:\\\/\\\/www.facebook.com\\\/pokiopokerclubs\\\/\"]}]}<\/script>\n<!-- \/ Yoast SEO plugin. -->","yoast_head_json":{"title":"Pokio Rakeback | This page is PASSWORD PROTECTED | 2026","description":"Pokio Rakeback: Esta p\u00e1gina est\u00e1 actualmente protegida por contrase\u00f1a. No hay informaci\u00f3n visible disponible sobre el tema \"Pokio Rakeback\" en este momento.","robots":{"index":"index","follow":"follow","max-snippet":"max-snippet:-1","max-image-preview":"max-image-preview:large","max-video-preview":"max-video-preview:-1"},"canonical":"https:\/\/pokiopokerclubs.com\/es\/\u043f\u043e\u043a\u0438\u043e-\u0440\u0435\u0439\u043a\u0431\u044d\u043a\/","og_locale":"es_MX","og_type":"article","og_title":"Pokio Rakeback | This page is PASSWORD PROTECTED | 2026","og_description":"Pokio Rakeback: This page is currently password protected. There's no visible information available regarding the subject \"Pokio Rakeback\" at this time.","og_url":"https:\/\/pokiopokerclubs.com\/es\/\u043f\u043e\u043a\u0438\u043e-\u0440\u0435\u0439\u043a\u0431\u044d\u043a\/","og_site_name":"Pokio Poker Clubs","article_publisher":"https:\/\/www.facebook.com\/pokiopokerclubs\/","article_modified_time":"2020-12-29T19:58:09+00:00","twitter_card":"summary_large_image","twitter_misc":{"Tiempo de lectura":"2 minutos"},"schema":{"@context":"https:\/\/schema.org","@graph":[{"@type":"WebPage","@id":"https:\/\/pokiopokerclubs.com\/ru\/%d0%bf%d0%be%d0%ba%d0%b8%d0%be-%d1%80%d0%b5%d0%b9%d0%ba%d0%b1%d1%8d%d0%ba\/","url":"https:\/\/pokiopokerclubs.com\/ru\/%d0%bf%d0%be%d0%ba%d0%b8%d0%be-%d1%80%d0%b5%d0%b9%d0%ba%d0%b1%d1%8d%d0%ba\/","name":"Pokio Rakeback | This page is PASSWORD PROTECTED | 2026","isPartOf":{"@id":"https:\/\/pokiopokerclubs.com\/#website"},"datePublished":"2020-04-22T12:42:42+00:00","dateModified":"2020-12-29T19:58:09+00:00","breadcrumb":{"@id":"https:\/\/pokiopokerclubs.com\/ru\/%d0%bf%d0%be%d0%ba%d0%b8%d0%be-%d1%80%d0%b5%d0%b9%d0%ba%d0%b1%d1%8d%d0%ba\/#breadcrumb"},"inLanguage":"es"},{"@type":"WebSite","@id":"https:\/\/pokiopokerclubs.com\/#website","url":"https:\/\/pokiopokerclubs.com\/","name":"Pokio Poker Clubs","description":"Aplicaci\u00f3n de p\u00f3quer m\u00f3vil por dinero real!","publisher":{"@id":"https:\/\/pokiopokerclubs.com\/#organization"},"potentialAction":[{"@type":"SearchAction","target":{"@type":"EntryPoint","urlTemplate":"https:\/\/pokiopokerclubs.com\/?s={search_term_string}"},"query-input":{"@type":"PropertyValueSpecification","valueRequired":true,"valueName":"search_term_string"}}],"inLanguage":"es"},{"@type":"Organization","@id":"https:\/\/pokiopokerclubs.com\/#organization","name":"Pokio Poker Clubs","url":"https:\/\/pokiopokerclubs.com\/","logo":{"@type":"ImageObject","inLanguage":"es","@id":"https:\/\/pokiopokerclubs.com\/#\/schema\/logo\/image\/","url":"https:\/\/secureservercdn.net\/160.153.138.53\/h6c.b09.myftpupload.com\/wp-content\/uploads\/2020\/01\/10.png?time=1618907615","contentUrl":"https:\/\/secureservercdn.net\/160.153.138.53\/h6c.b09.myftpupload.com\/wp-content\/uploads\/2020\/01\/10.png?time=1618907615","width":1749,"height":1340,"caption":"Pokio Poker Clubs"},"image":{"@id":"https:\/\/pokiopokerclubs.com\/#\/schema\/logo\/image\/"},"sameAs":["https:\/\/www.facebook.com\/pokiopokerclubs\/"]}]}},"_links":{"self":[{"href":"https:\/\/pokiopokerclubs.com\/es\/wp-json\/wp\/v2\/pages\/1339","targetHints":{"allow":["GET"]}}],"collection":[{"href":"https:\/\/pokiopokerclubs.com\/es\/wp-json\/wp\/v2\/pages"}],"about":[{"href":"https:\/\/pokiopokerclubs.com\/es\/wp-json\/wp\/v2\/types\/page"}],"author":[{"embeddable":true,"href":"https:\/\/pokiopokerclubs.com\/es\/wp-json\/wp\/v2\/users\/1"}],"replies":[{"embeddable":true,"href":"https:\/\/pokiopokerclubs.com\/es\/wp-json\/wp\/v2\/comments?post=1339"}],"version-history":[{"count":0,"href":"https:\/\/pokiopokerclubs.com\/es\/wp-json\/wp\/v2\/pages\/1339\/revisions"}],"wp:featuredmedia":[{"embeddable":true,"href":"https:\/\/pokiopokerclubs.com\/es\/wp-json\/wp\/v2\/media\/1358"}],"wp:attachment":[{"href":"https:\/\/pokiopokerclubs.com\/es\/wp-json\/wp\/v2\/media?parent=1339"}],"curies":[{"name":"wp","href":"https:\/\/api.w.org\/{rel}","templated":true}]}}