{"id":275,"date":"2020-01-30T15:56:35","date_gmt":"2020-01-30T14:56:35","guid":{"rendered":"https:\/\/pokiopokerclubs.com\/?page_id=275"},"modified":"2021-04-20T10:51:17","modified_gmt":"2021-04-20T08:51:17","slug":"pokio-id","status":"publish","type":"page","link":"https:\/\/pokiopokerclubs.com\/de\/pokio-id\/","title":{"rendered":"Pokio-ID: Finden Sie die besten Aktionen und Angebote"},"content":{"rendered":"\n<div class=\"wp-block-columns is-layout-flex wp-container-core-columns-is-layout-9d6595d7 wp-block-columns-is-layout-flex\">\n<div class=\"wp-block-column is-layout-flow wp-block-column-is-layout-flow\">\n<center><a href=\"https:\/\/pokiopokerclubs.com\/recommends\/deuces-wild\/\" target=\"_blank\" rel=\"noreferrer noopener\" class=\"icon\">DOWNLOAD POKIO<\/a><\/center>\n<\/div>\n\n\n\n<div class=\"wp-block-column is-layout-flow wp-block-column-is-layout-flow\">\n<center><a href=\"#clubs\" class=\"icon\">ALL CLUBS<\/a><\/center>\n<\/div>\n<\/div>\n\n\n\n<h2 class=\"wp-block-heading\">Top Pokio ID 2021<\/h2>\n\n\n\n<p>Here&#8217;s the <strong>Top 9 Pokio Club ID for 2021<\/strong> &#8211; one club for every circle!<\/p>\n\n\n\n<ul class=\"wp-block-list\"><li>Pokio ID: <a rel=\"noreferrer noopener\" href=\"https:\/\/pokiopokerclubs.com\/recommends\/cash-game-league\/\" target=\"_blank\">#102123 Cash Game League<\/a> (Standalone Pokio Circle)<\/li><li>Pokio ID: <a rel=\"noreferrer noopener\" href=\"https:\/\/pokiopokerclubs.com\/recommends\/scandi-poker-club\/\" target=\"_blank\">#102061 Scandi Poker Club<\/a> (Three Crowns)<\/li><li>Pokio ID: <a rel=\"noreferrer noopener\" href=\"https:\/\/pokiopokerclubs.com\/recommends\/deuces-wild\/\" target=\"_blank\">#101023 Deuces Wild<\/a> (Mediterranean Poker)<\/li><li>Pokio ID: <a rel=\"noreferrer noopener\" href=\"https:\/\/pokiopokerclubs.com\/recommends\/na-zdrowie-club\/\" target=\"_blank\">#101707 Na Zdrowie Club<\/a> (The Poker Alliance)<\/li><li>Pokio ID: <a rel=\"noreferrer noopener\" href=\"https:\/\/pokiopokerclubs.com\/recommends\/aurora-poker\/\" target=\"_blank\">#101650 Aurora Poker<\/a> (Finnish Poker Circle)<\/li><li>Pokio ID: <a rel=\"noreferrer noopener\" href=\"https:\/\/pokiopokerclubs.com\/recommends\/northern-poker-club\/\" target=\"_blank\">#100857 Northern Poker Club<\/a> (Nordic Circle)<\/li><li>Pokio ID: <a rel=\"noreferrer noopener\" href=\"https:\/\/pokiopokerclubs.com\/recommends\/the-poker-inn\/\" target=\"_blank\">#100856 The Poker Inn<\/a> (Irish Poker Community)<\/li><li>Pokio ID: <a rel=\"noreferrer noopener\" href=\"https:\/\/pokiopokerclubs.com\/recommends\/diamond-lounge\/\" target=\"_blank\">#100854 Diamond Lounge<\/a> (United Poker Clubs)<\/li><li>Pokio ID: <a rel=\"noreferrer noopener\" href=\"https:\/\/pokiopokerclubs.com\/recommends\/the-poker-mansion\/\" target=\"_blank\">#100780 The Poker Mansion<\/a> (Midgard Poker Community)<\/li><\/ul>\n\n\n\n<p><em>NOTE: There are no Circle-restrictions. F e: If you&#8217;re from Sweden, you&#8217;re still allowed to join a Circle that&#8217;s based in another country.<\/em><\/p>\n\n\n\n<hr class=\"wp-block-separator is-style-dots\"\/>\n\n\n\n<h2 class=\"wp-block-heading\">How to Use a Pokio ID<\/h2>\n\n\n\n<p>Here\u2019s information on how to use a Pokio Club ID. You need to <a href=\"https:\/\/pokiopokerclubs.com\/pokio-app\/\">register an account<\/a> before you can join a club, but no worries &#8211; <strong>it&#8217;s really easy<\/strong>! Read more about Pokio <a href=\"https:\/\/pokiopokerclubs.com\/\">here<\/a> and read our <a href=\"https:\/\/pokiopokerclubs.com\/pokio-faq\/\">FAQ<\/a>.<\/p>\n\n\n\n<h3 class=\"wp-block-heading\">Find a new club<\/h3>\n\n\n\n<p><a href=\"https:\/\/pokiopokerclubs.com\/pokio-club\/\">Find a club<\/a> on our site that you want to join. You can choose between <strong>nine different ones<\/strong> (on nine circles) &#8211; that way you&#8217;ll find a <strong>new poker home<\/strong> of your liking in no-time.<\/p>\n\n\n\n<h3 class=\"wp-block-heading\">Pokio Club ID<\/h3>\n\n\n\n<p>Every Pokio Club is <strong>attached with a unique 6-digit ID-number<\/strong> (for example: <a href=\"https:\/\/pokiopokerclubs.com\/recommends\/deuces-wild\/\" target=\"_blank\" aria-label=\"undefined (opens in a new tab)\" rel=\"noreferrer noopener\">#102023<\/a>). You need this number <strong>to search and join<\/strong> the clubs.<\/p>\n\n\n\n<h3 class=\"wp-block-heading\">Copy + Paste<\/h3>\n\n\n\n<p>The easiest way to join a club is to copy a Pokio ID and then paste it into the search tool in the <a href=\"https:\/\/pokiopokerclubs.com\/pokio-app\/\">Pokio App<\/a>.<\/p>\n\n\n\n<h3 class=\"wp-block-heading\">Wait for approval<\/h3>\n\n\n\n<p>When you request to join one or more of our clubs, it can take <strong>up to an hour<\/strong> (may vary) to get accepted. We, as club owners, are <strong>approving your requests manually<\/strong>, which means it may take a bit longer during the night time (<a rel=\"noreferrer noopener\" href=\"https:\/\/en.wikipedia.org\/wiki\/Central_European_Time\" target=\"_blank\">CET<\/a>). We apologize for any delays.<\/p>\n\n\n\n<figure class=\"wp-block-embed aligncenter is-type-photo is-provider-giphy\"><div class=\"wp-block-embed__wrapper\">\n<a href=\"https:\/\/giphy.com\/gifs\/Zai7v5dOEespvl5cMI\"><img loading=\"lazy\" decoding=\"async\" src=\"https:\/\/media1.giphy.com\/media\/Zai7v5dOEespvl5cMI\/giphy.gif\" alt=\"Animated GIF - Find &amp; Share on GIPHY\" width=\"224\" height=\"480\" \/><\/a>\n<\/div><\/figure>\n\n\n\n<hr class=\"wp-block-separator is-style-dots\"\/>\n\n\n\n<h3 class=\"wp-block-heading\">Play on different networks<\/h3>\n\n\n\n<p>We&#8217;re proud to say that we can <strong>offer games and action on different networks<\/strong> across the platform. This way you&#8217;ll always find your favorite games and <a href=\"https:\/\/pokiopokerclubs.com\/pokio-rakeback\/\">exclusive deals<\/a> at anytime.<\/p>\n\n\n\n<h3 class=\"wp-block-heading\">Great action<\/h3>\n\n\n\n<p>There&#8217;s always <strong>great value and action<\/strong> on our tables. Whether you fancy Hold&#8217;em or the crazy game of PLO5 &#8211; you&#8217;ll always find yourself in the middle of the storm.<\/p>\n\n\n\n<h3 class=\"wp-block-heading\">Lots of offers<\/h3>\n\n\n\n<p>Pokio is rather new on the poker scene. This means that they&#8217;re promoting a lot of <strong>offers and bonuses<\/strong> for both new and existing players. Make sure to not miss out on the goodies!<\/p>\n\n\n\n<h3 class=\"wp-block-heading\">Be a part of us<\/h3>\n\n\n\n<p>When you&#8217;re joining our tables, you&#8217;re <strong>a part of our poker family<\/strong>. We&#8217;ll always be there to help out and answer your questions regarding anything.<\/p>\n\n\n\n<hr class=\"wp-block-separator is-style-dots\"\/>\n\n\n\n<center><a href=\"https:\/\/pokiopokerclubs.com\/recommends\/deuces-wild\/\" target=\"_blank\" rel=\"noreferrer noopener\" class=\"icon\">DOWNLOAD POKIO<\/a><\/center>\n\n\n\n<ul class=\"wp-block-social-links is-layout-flex wp-block-social-links-is-layout-flex\"><li class=\"wp-social-link wp-social-link-facebook  wp-block-social-link\"><a href=\"https:\/\/www.facebook.com\/pokiopokerclubs\/\" class=\"wp-block-social-link-anchor\"><svg width=\"24\" height=\"24\" viewBox=\"0 0 24 24\" version=\"1.1\" xmlns=\"http:\/\/www.w3.org\/2000\/svg\" aria-hidden=\"true\" focusable=\"false\"><path d=\"M12 2C6.5 2 2 6.5 2 12c0 5 3.7 9.1 8.4 9.9v-7H7.9V12h2.5V9.8c0-2.5 1.5-3.9 3.8-3.9 1.1 0 2.2.2 2.2.2v2.5h-1.3c-1.2 0-1.6.8-1.6 1.6V12h2.8l-.4 2.9h-2.3v7C18.3 21.1 22 17 22 12c0-5.5-4.5-10-10-10z\"><\/path><\/svg><span class=\"wp-block-social-link-label screen-reader-text\">Facebook<\/span><\/a><\/li>\n\n<li class=\"wp-social-link wp-social-link-twitch  wp-block-social-link\"><a href=\"https:\/\/www.twitch.tv\/pokiopokerclubs\" class=\"wp-block-social-link-anchor\"><svg width=\"24\" height=\"24\" viewBox=\"0 0 24 24\" version=\"1.1\" xmlns=\"http:\/\/www.w3.org\/2000\/svg\" aria-hidden=\"true\" focusable=\"false\"><path d=\"M16.499,8.089h-1.636v4.91h1.636V8.089z M12,8.089h-1.637v4.91H12V8.089z M4.228,3.178L3,6.451v13.092h4.499V22h2.456 l2.454-2.456h3.681L21,14.636V3.178H4.228z M19.364,13.816l-2.864,2.865H12l-2.453,2.453V16.68H5.863V4.814h13.501V13.816z\"><\/path><\/svg><span class=\"wp-block-social-link-label screen-reader-text\">Twitch<\/span><\/a><\/li><\/ul>\n\n\n\n<script type=\"application\/ld+json\">\n{\n  \"@context\": \"https:\/\/schema.org\/\", \n  \"@type\": \"Product\", \n  \"name\": \"Pokio ID\",\n  \"image\": \"https:\/\/pokiopokerclubs.com\/wp-content\/uploads\/2020\/01\/PP3.png\",\n  \"description\": \"At Pokio, every club got its own unique Pokio Club ID, (f e #102023). Find all the best ones here.\",\n  \"brand\": \"Pokio\",\n  \"aggregateRating\": {\n    \"@type\": \"AggregateRating\",\n    \"ratingValue\": \"5\",\n    \"bestRating\": \"5\",\n    \"worstRating\": \"1\",\n    \"ratingCount\": \"2\",\n    \"reviewCount\": \"2\"\n  },\n  \"review\": [{\n    \"@type\": \"Review\",\n    \"name\": \"Great Club ID's\",\n    \"reviewBody\": \"This site provides some of the best Pokio ID's out there.\",\n    \"reviewRating\": {\n      \"@type\": \"Rating\",\n      \"ratingValue\": \"5\",\n      \"bestRating\": \"5\",\n      \"worstRating\": \"1\"\n    },\n    \"author\": {\"@type\": \"Person\", \"name\": \"Mark\"},\n    \"publisher\": {\"@type\": \"Organization\", \"name\": \"PPC\"}\n  },{\n    \"@type\": \"Review\",\n    \"name\": \"I found my Pokio ID here\",\n    \"reviewBody\": \"I was looking for a new poker home to join and I found them with these Pokio Club ID's!\",\n    \"reviewRating\": {\n      \"@type\": \"Rating\",\n      \"ratingValue\": \"5\",\n      \"bestRating\": \"5\",\n      \"worstRating\": \"1\"\n    },\n    \"author\": {\"@type\": \"Person\", \"name\": \"Samantha\"},\n    \"publisher\": {\"@type\": \"Organization\", \"name\": \"PPC\"}\n  }]\n}\n<\/script>\n","protected":false},"excerpt":{"rendered":"<p>DOWNLOAD POKIO ALL CLUBS Top Pokio ID 2021 Hier sind die Top 9 Pokio Club ID f\u00fcr 2021 - ein Club f\u00fcr jeden Kreis! Pokio ID: #102123 Cash Game League (Eigenst\u00e4ndiger Pokio-Kreis)Pokio ID: #102061 Scandi Poker Club (Three Crowns)Pokio ID: #101023 Deuces Wild (Mediterranean Poker)Pokio ID: #101707 Na Zdrowie Club (The Poker Alliance)Pokio ID: #101650... <\/p>\n<div class=\"read-more navbutton\"><a href=\"https:\/\/pokiopokerclubs.com\/de\/pokio-id\/\">Lesen Sie mehr<i class=\"fa fa-angle-double-right\"><\/i><\/a><\/div>","protected":false},"author":1,"featured_media":624,"parent":0,"menu_order":0,"comment_status":"closed","ping_status":"closed","template":"","meta":{"_coblocks_attr":"","_coblocks_dimensions":"","_coblocks_responsive_height":"","_coblocks_accordion_ie_support":"","footnotes":""},"class_list":["post-275","page","type-page","status-publish","has-post-thumbnail","hentry"],"yoast_head":"<!-- This site is optimized with the Yoast SEO plugin v27.4 - https:\/\/yoast.com\/product\/yoast-seo-wordpress\/ -->\n<title>Pokio ID: Best Action &amp; Offers | Join Our Clubs Today! | 2026<\/title>\n<meta name=\"description\" content=\"Pokio ID: find the best action and offers. Join us today and grab the value at our tables! Pokio Club ID of the month: Deuces Wild #102023.\" \/>\n<meta name=\"robots\" content=\"index, follow, max-snippet:-1, max-image-preview:large, max-video-preview:-1\" \/>\n<link rel=\"canonical\" href=\"https:\/\/pokiopokerclubs.com\/de\/\u043f\u043e\u043a\u0438\u043e-\u0438\u0434\/\" \/>\n<meta property=\"og:locale\" content=\"de_DE\" \/>\n<meta property=\"og:type\" content=\"article\" \/>\n<meta property=\"og:title\" content=\"Pokio ID: Best Action &amp; Offers | Join Our Clubs Today! | 2026\" \/>\n<meta property=\"og:description\" content=\"Pokio ID: find the best action and offers. Join us today and grab the value at our tables! Pokio Club ID of the month: Deuces Wild #102023.\" \/>\n<meta property=\"og:url\" content=\"https:\/\/pokiopokerclubs.com\/de\/\u043f\u043e\u043a\u0438\u043e-\u0438\u0434\/\" \/>\n<meta property=\"og:site_name\" content=\"Pokio Poker Clubs\" \/>\n<meta property=\"article:publisher\" content=\"https:\/\/www.facebook.com\/pokiopokerclubs\/\" \/>\n<meta property=\"article:modified_time\" content=\"2021-04-20T08:51:17+00:00\" \/>\n<meta property=\"og:image\" content=\"https:\/\/secureservercdn.net\/160.153.138.243\/h6c.b09.myftpupload.com\/wp-content\/uploads\/2020\/02\/PP3PAGE-e1587376260702.png?time=1664464442\" \/>\n\t<meta property=\"og:image:width\" content=\"150\" \/>\n\t<meta property=\"og:image:height\" content=\"172\" \/>\n\t<meta property=\"og:image:type\" content=\"image\/png\" \/>\n<meta name=\"twitter:card\" content=\"summary_large_image\" \/>\n<meta name=\"twitter:label1\" content=\"Gesch\u00e4tzte Lesezeit\" \/>\n\t<meta name=\"twitter:data1\" content=\"3\u00a0Minuten\" \/>\n<script type=\"application\/ld+json\" class=\"yoast-schema-graph\">{\"@context\":\"https:\\\/\\\/schema.org\",\"@graph\":[{\"@type\":\"WebPage\",\"@id\":\"https:\\\/\\\/pokiopokerclubs.com\\\/ru\\\/%d0%bf%d0%be%d0%ba%d0%b8%d0%be-%d0%b8%d0%b4\\\/\",\"url\":\"https:\\\/\\\/pokiopokerclubs.com\\\/ru\\\/%d0%bf%d0%be%d0%ba%d0%b8%d0%be-%d0%b8%d0%b4\\\/\",\"name\":\"Pokio ID: Best Action & Offers | Join Our Clubs Today! | 2026\",\"isPartOf\":{\"@id\":\"https:\\\/\\\/pokiopokerclubs.com\\\/#website\"},\"primaryImageOfPage\":{\"@id\":\"https:\\\/\\\/pokiopokerclubs.com\\\/ru\\\/%d0%bf%d0%be%d0%ba%d0%b8%d0%be-%d0%b8%d0%b4\\\/#primaryimage\"},\"image\":{\"@id\":\"https:\\\/\\\/pokiopokerclubs.com\\\/ru\\\/%d0%bf%d0%be%d0%ba%d0%b8%d0%be-%d0%b8%d0%b4\\\/#primaryimage\"},\"thumbnailUrl\":\"https:\\\/\\\/pokiopokerclubs.com\\\/wp-content\\\/uploads\\\/2020\\\/02\\\/PP3PAGE-e1587376260702.png\",\"datePublished\":\"2020-01-30T14:56:35+00:00\",\"dateModified\":\"2021-04-20T08:51:17+00:00\",\"description\":\"Pokio ID: find the best action and offers. Join us today and grab the value at our tables! Pokio Club ID of the month: Deuces Wild #102023.\",\"breadcrumb\":{\"@id\":\"https:\\\/\\\/pokiopokerclubs.com\\\/ru\\\/%d0%bf%d0%be%d0%ba%d0%b8%d0%be-%d0%b8%d0%b4\\\/#breadcrumb\"},\"inLanguage\":\"de\",\"potentialAction\":[{\"@type\":\"ReadAction\",\"target\":[\"https:\\\/\\\/pokiopokerclubs.com\\\/ru\\\/%d0%bf%d0%be%d0%ba%d0%b8%d0%be-%d0%b8%d0%b4\\\/\"]}]},{\"@type\":\"ImageObject\",\"inLanguage\":\"de\",\"@id\":\"https:\\\/\\\/pokiopokerclubs.com\\\/ru\\\/%d0%bf%d0%be%d0%ba%d0%b8%d0%be-%d0%b8%d0%b4\\\/#primaryimage\",\"url\":\"https:\\\/\\\/pokiopokerclubs.com\\\/wp-content\\\/uploads\\\/2020\\\/02\\\/PP3PAGE-e1587376260702.png\",\"contentUrl\":\"https:\\\/\\\/pokiopokerclubs.com\\\/wp-content\\\/uploads\\\/2020\\\/02\\\/PP3PAGE-e1587376260702.png\",\"width\":150,\"height\":172,\"caption\":\"pokio ID\"},{\"@type\":\"BreadcrumbList\",\"@id\":\"https:\\\/\\\/pokiopokerclubs.com\\\/ru\\\/%d0%bf%d0%be%d0%ba%d0%b8%d0%be-%d0%b8%d0%b4\\\/#breadcrumb\",\"itemListElement\":[{\"@type\":\"ListItem\",\"position\":1,\"name\":\"Home\",\"item\":\"https:\\\/\\\/pokiopokerclubs.com\\\/\"},{\"@type\":\"ListItem\",\"position\":2,\"name\":\"Pokio ID: Find the Best Action &#038; Offers\"}]},{\"@type\":\"WebSite\",\"@id\":\"https:\\\/\\\/pokiopokerclubs.com\\\/#website\",\"url\":\"https:\\\/\\\/pokiopokerclubs.com\\\/\",\"name\":\"Pokio Poker Clubs\",\"description\":\"Real Money Mobile Poker App!\",\"publisher\":{\"@id\":\"https:\\\/\\\/pokiopokerclubs.com\\\/#organization\"},\"potentialAction\":[{\"@type\":\"SearchAction\",\"target\":{\"@type\":\"EntryPoint\",\"urlTemplate\":\"https:\\\/\\\/pokiopokerclubs.com\\\/?s={search_term_string}\"},\"query-input\":{\"@type\":\"PropertyValueSpecification\",\"valueRequired\":true,\"valueName\":\"search_term_string\"}}],\"inLanguage\":\"de\"},{\"@type\":\"Organization\",\"@id\":\"https:\\\/\\\/pokiopokerclubs.com\\\/#organization\",\"name\":\"Pokio Poker Clubs\",\"url\":\"https:\\\/\\\/pokiopokerclubs.com\\\/\",\"logo\":{\"@type\":\"ImageObject\",\"inLanguage\":\"de\",\"@id\":\"https:\\\/\\\/pokiopokerclubs.com\\\/#\\\/schema\\\/logo\\\/image\\\/\",\"url\":\"https:\\\/\\\/secureservercdn.net\\\/160.153.138.53\\\/h6c.b09.myftpupload.com\\\/wp-content\\\/uploads\\\/2020\\\/01\\\/10.png?time=1618907615\",\"contentUrl\":\"https:\\\/\\\/secureservercdn.net\\\/160.153.138.53\\\/h6c.b09.myftpupload.com\\\/wp-content\\\/uploads\\\/2020\\\/01\\\/10.png?time=1618907615\",\"width\":1749,\"height\":1340,\"caption\":\"Pokio Poker Clubs\"},\"image\":{\"@id\":\"https:\\\/\\\/pokiopokerclubs.com\\\/#\\\/schema\\\/logo\\\/image\\\/\"},\"sameAs\":[\"https:\\\/\\\/www.facebook.com\\\/pokiopokerclubs\\\/\"]}]}<\/script>\n<!-- \/ Yoast SEO plugin. -->","yoast_head_json":{"title":"Pokio ID: Best Action & Offers | Join Our Clubs Today! | 2026","description":"Pokio ID: Finden Sie die besten Aktionen und Angebote. Werden Sie noch heute Mitglied und schnappen Sie sich die besten Angebote an unseren Tischen! Pokio Club ID des Monats: Deuces Wild #102023.","robots":{"index":"index","follow":"follow","max-snippet":"max-snippet:-1","max-image-preview":"max-image-preview:large","max-video-preview":"max-video-preview:-1"},"canonical":"https:\/\/pokiopokerclubs.com\/de\/\u043f\u043e\u043a\u0438\u043e-\u0438\u0434\/","og_locale":"de_DE","og_type":"article","og_title":"Pokio ID: Best Action & Offers | Join Our Clubs Today! | 2026","og_description":"Pokio ID: find the best action and offers. Join us today and grab the value at our tables! Pokio Club ID of the month: Deuces Wild #102023.","og_url":"https:\/\/pokiopokerclubs.com\/de\/\u043f\u043e\u043a\u0438\u043e-\u0438\u0434\/","og_site_name":"Pokio Poker Clubs","article_publisher":"https:\/\/www.facebook.com\/pokiopokerclubs\/","article_modified_time":"2021-04-20T08:51:17+00:00","og_image":[{"width":150,"height":172,"url":"https:\/\/secureservercdn.net\/160.153.138.243\/h6c.b09.myftpupload.com\/wp-content\/uploads\/2020\/02\/PP3PAGE-e1587376260702.png?time=1664464442","type":"image\/png"}],"twitter_card":"summary_large_image","twitter_misc":{"Gesch\u00e4tzte Lesezeit":"3\u00a0Minuten"},"schema":{"@context":"https:\/\/schema.org","@graph":[{"@type":"WebPage","@id":"https:\/\/pokiopokerclubs.com\/ru\/%d0%bf%d0%be%d0%ba%d0%b8%d0%be-%d0%b8%d0%b4\/","url":"https:\/\/pokiopokerclubs.com\/ru\/%d0%bf%d0%be%d0%ba%d0%b8%d0%be-%d0%b8%d0%b4\/","name":"Pokio ID: Best Action & Offers | Join Our Clubs Today! | 2026","isPartOf":{"@id":"https:\/\/pokiopokerclubs.com\/#website"},"primaryImageOfPage":{"@id":"https:\/\/pokiopokerclubs.com\/ru\/%d0%bf%d0%be%d0%ba%d0%b8%d0%be-%d0%b8%d0%b4\/#primaryimage"},"image":{"@id":"https:\/\/pokiopokerclubs.com\/ru\/%d0%bf%d0%be%d0%ba%d0%b8%d0%be-%d0%b8%d0%b4\/#primaryimage"},"thumbnailUrl":"https:\/\/pokiopokerclubs.com\/wp-content\/uploads\/2020\/02\/PP3PAGE-e1587376260702.png","datePublished":"2020-01-30T14:56:35+00:00","dateModified":"2021-04-20T08:51:17+00:00","description":"Pokio ID: Finden Sie die besten Aktionen und Angebote. Werden Sie noch heute Mitglied und schnappen Sie sich die besten Angebote an unseren Tischen! Pokio Club ID des Monats: Deuces Wild #102023.","breadcrumb":{"@id":"https:\/\/pokiopokerclubs.com\/ru\/%d0%bf%d0%be%d0%ba%d0%b8%d0%be-%d0%b8%d0%b4\/#breadcrumb"},"inLanguage":"de","potentialAction":[{"@type":"ReadAction","target":["https:\/\/pokiopokerclubs.com\/ru\/%d0%bf%d0%be%d0%ba%d0%b8%d0%be-%d0%b8%d0%b4\/"]}]},{"@type":"ImageObject","inLanguage":"de","@id":"https:\/\/pokiopokerclubs.com\/ru\/%d0%bf%d0%be%d0%ba%d0%b8%d0%be-%d0%b8%d0%b4\/#primaryimage","url":"https:\/\/pokiopokerclubs.com\/wp-content\/uploads\/2020\/02\/PP3PAGE-e1587376260702.png","contentUrl":"https:\/\/pokiopokerclubs.com\/wp-content\/uploads\/2020\/02\/PP3PAGE-e1587376260702.png","width":150,"height":172,"caption":"pokio ID"},{"@type":"BreadcrumbList","@id":"https:\/\/pokiopokerclubs.com\/ru\/%d0%bf%d0%be%d0%ba%d0%b8%d0%be-%d0%b8%d0%b4\/#breadcrumb","itemListElement":[{"@type":"ListItem","position":1,"name":"Home","item":"https:\/\/pokiopokerclubs.com\/"},{"@type":"ListItem","position":2,"name":"Pokio ID: Find the Best Action &#038; Offers"}]},{"@type":"WebSite","@id":"https:\/\/pokiopokerclubs.com\/#website","url":"https:\/\/pokiopokerclubs.com\/","name":"Pokio Poker Clubs","description":"Echtgeld Mobile Poker App!","publisher":{"@id":"https:\/\/pokiopokerclubs.com\/#organization"},"potentialAction":[{"@type":"SearchAction","target":{"@type":"EntryPoint","urlTemplate":"https:\/\/pokiopokerclubs.com\/?s={search_term_string}"},"query-input":{"@type":"PropertyValueSpecification","valueRequired":true,"valueName":"search_term_string"}}],"inLanguage":"de"},{"@type":"Organization","@id":"https:\/\/pokiopokerclubs.com\/#organization","name":"Pokio Poker Clubs","url":"https:\/\/pokiopokerclubs.com\/","logo":{"@type":"ImageObject","inLanguage":"de","@id":"https:\/\/pokiopokerclubs.com\/#\/schema\/logo\/image\/","url":"https:\/\/secureservercdn.net\/160.153.138.53\/h6c.b09.myftpupload.com\/wp-content\/uploads\/2020\/01\/10.png?time=1618907615","contentUrl":"https:\/\/secureservercdn.net\/160.153.138.53\/h6c.b09.myftpupload.com\/wp-content\/uploads\/2020\/01\/10.png?time=1618907615","width":1749,"height":1340,"caption":"Pokio Poker Clubs"},"image":{"@id":"https:\/\/pokiopokerclubs.com\/#\/schema\/logo\/image\/"},"sameAs":["https:\/\/www.facebook.com\/pokiopokerclubs\/"]}]}},"_links":{"self":[{"href":"https:\/\/pokiopokerclubs.com\/de\/wp-json\/wp\/v2\/pages\/275","targetHints":{"allow":["GET"]}}],"collection":[{"href":"https:\/\/pokiopokerclubs.com\/de\/wp-json\/wp\/v2\/pages"}],"about":[{"href":"https:\/\/pokiopokerclubs.com\/de\/wp-json\/wp\/v2\/types\/page"}],"author":[{"embeddable":true,"href":"https:\/\/pokiopokerclubs.com\/de\/wp-json\/wp\/v2\/users\/1"}],"replies":[{"embeddable":true,"href":"https:\/\/pokiopokerclubs.com\/de\/wp-json\/wp\/v2\/comments?post=275"}],"version-history":[{"count":0,"href":"https:\/\/pokiopokerclubs.com\/de\/wp-json\/wp\/v2\/pages\/275\/revisions"}],"wp:featuredmedia":[{"embeddable":true,"href":"https:\/\/pokiopokerclubs.com\/de\/wp-json\/wp\/v2\/media\/624"}],"wp:attachment":[{"href":"https:\/\/pokiopokerclubs.com\/de\/wp-json\/wp\/v2\/media?parent=275"}],"curies":[{"name":"wp","href":"https:\/\/api.w.org\/{rel}","templated":true}]}}